{"id":132,"date":"2022-05-03T16:29:55","date_gmt":"2022-05-03T16:29:55","guid":{"rendered":"http:\/\/calidadecuador.produccion.gob.ec\/?page_id=132"},"modified":"2026-04-13T11:40:21","modified_gmt":"2026-04-13T16:40:21","slug":"acreditaciones-2-2","status":"publish","type":"page","link":"http:\/\/calidadecuador.produccion.gob.ec\/?page_id=132","title":{"rendered":"Designaciones"},"content":{"rendered":"\n<div class=\"wp-block-columns is-layout-flex wp-container-core-columns-is-layout-1 wp-block-columns-is-layout-flex\">\n<div class=\"wp-block-column is-layout-flow wp-block-column-is-layout-flow\" style=\"flex-basis:25%\">\n<figure class=\"wp-block-image size-full is-resized is-style-default\"><img loading=\"lazy\" decoding=\"async\" width=\"270\" height=\"244\" src=\"\/wp-content\/uploads\/2022\/05\/botonesPlataformaCalidad-03.jpg\" alt=\"\" class=\"wp-image-49\" style=\"width:270px;height:244px\"\/><\/figure>\n<\/div>\n\n\n\n<div class=\"wp-block-column is-layout-flow wp-block-column-is-layout-flow\" style=\"flex-basis:75%\">\n<p class=\"titulo-detalle\"><em><em>Aqu\u00ed podr\u00e1s solicitar los servicios para Designaci\u00f3n de Organismos Evaluadores de la Conformidad (OEC), as\u00ed como tambi\u00e9n, consultar los distintos OEC designados<\/em><\/em><\/p>\n<\/div>\n<\/div>\n\n\n\n<ul class=\"lista-menu-pagina\">\n<li><a href=\"https:\/\/www.gob.ec\/mpcei\/tramites\/designacion-organismos-evaluacion-conformidad\" target=\"_blank\" rel=\"noreferrer noopener\">DESIGNACI\u00d3N DE ORGANISMOS EVALUADORES DE LA CONFORMIDAD (OEC)<\/a><\/li>\n\n\n\n<li><a href=\"http:\/\/servicios.acreditacion.gob.ec:50239\/organismoCtrl\/by-status\/DESIGNADO\" target=\"_blank\" rel=\"noreferrer noopener\">CONSULTA OEC DESIGNADOS POR EL MPCEIP<\/a><\/li>\n<\/ul>\n\n\n\n<p><\/p>\n","protected":false},"excerpt":{"rendered":"<p>Aqu\u00ed podr\u00e1s solicitar los servicios para Designaci\u00f3n de Organismos Evaluadores de la Conformidad (OEC), as\u00ed como tambi\u00e9n, consultar los distintos OEC designados<\/p>\n","protected":false},"author":1,"featured_media":0,"parent":0,"menu_order":0,"comment_status":"closed","ping_status":"closed","template":"","meta":{"footnotes":""},"_links":{"self":[{"href":"http:\/\/calidadecuador.produccion.gob.ec\/index.php?rest_route=\/wp\/v2\/pages\/132"}],"collection":[{"href":"http:\/\/calidadecuador.produccion.gob.ec\/index.php?rest_route=\/wp\/v2\/pages"}],"about":[{"href":"http:\/\/calidadecuador.produccion.gob.ec\/index.php?rest_route=\/wp\/v2\/types\/page"}],"author":[{"embeddable":true,"href":"http:\/\/calidadecuador.produccion.gob.ec\/index.php?rest_route=\/wp\/v2\/users\/1"}],"replies":[{"embeddable":true,"href":"http:\/\/calidadecuador.produccion.gob.ec\/index.php?rest_route=%2Fwp%2Fv2%2Fcomments&post=132"}],"version-history":[{"count":21,"href":"http:\/\/calidadecuador.produccion.gob.ec\/index.php?rest_route=\/wp\/v2\/pages\/132\/revisions"}],"predecessor-version":[{"id":616,"href":"http:\/\/calidadecuador.produccion.gob.ec\/index.php?rest_route=\/wp\/v2\/pages\/132\/revisions\/616"}],"wp:attachment":[{"href":"http:\/\/calidadecuador.produccion.gob.ec\/index.php?rest_route=%2Fwp%2Fv2%2Fmedia&parent=132"}],"curies":[{"name":"wp","href":"https:\/\/api.w.org\/{rel}","templated":true}]}}